{"id":1492,"date":"2024-06-02T09:00:30","date_gmt":"2024-06-02T07:00:30","guid":{"rendered":"https:\/\/jp-morillon.com\/?page_id=1492"},"modified":"2025-07-27T10:13:54","modified_gmt":"2025-07-27T08:13:54","slug":"mes-grands-voyages-depuis-2022","status":"publish","type":"page","link":"https:\/\/jp-morillon.com\/index.php\/mes-grands-voyages-depuis-2022\/","title":{"rendered":"Mes grands voyages depuis 2022"},"content":{"rendered":"\n<p style=\"font-size:21px\">mai-juin 2025, 3 semaines: Etats-Unis<\/p>\n\n\n\n<p style=\"font-size:21px\">Washington DC, Arkansas, Tennessee, Texas<\/p>\n\n\n\n<figure class=\"wp-block-image\"><img alt=\"\"\/><\/figure>\n\n\n<div class=\"wp-block-image\">\n<figure class=\"aligncenter size-full\"><img loading=\"lazy\" width=\"300\" height=\"158\" src=\"https:\/\/jp-morillon.com\/wp-content\/uploads\/2025\/07\/USA.png\" alt=\"\" class=\"wp-image-1632\"\/><\/figure><\/div>\n\n\n<p style=\"font-size:21px\">d\u00e9cembre 2024, 10 jours: Egypte<\/p>\n\n\n\n<p style=\"font-size:21px\">Le Caire, Louxor, Hurghada<\/p>\n\n\n<div class=\"wp-block-image\">\n<figure class=\"aligncenter size-full\"><img loading=\"lazy\" width=\"300\" height=\"200\" src=\"https:\/\/jp-morillon.com\/wp-content\/uploads\/2025\/07\/Egypte.png\" alt=\"\" class=\"wp-image-1633\"\/><\/figure><\/div>\n\n\n<p style=\"font-size:21px\">septembre 2024, 1 semaine&nbsp;: <a href=\"https:\/\/jp-morillon.com\/index.php\/turquie-2024\/\" target=\"_blank\" rel=\"noreferrer noopener\"><strong>Turquie<\/strong><\/a><\/p>\n\n\n\n<p style=\"font-size:21px\">Izmir, Ku\u015fadas\u0131.<\/p>\n\n\n<div class=\"wp-block-image\">\n<figure class=\"aligncenter size-full\"><a href=\"https:\/\/jp-morillon.com\/index.php\/turquie-2024\/\"><img loading=\"lazy\" width=\"300\" height=\"200\" src=\"https:\/\/jp-morillon.com\/wp-content\/uploads\/2024\/11\/image.png\" alt=\"\" class=\"wp-image-1620\"\/><\/a><\/figure><\/div>\n\n\n<p style=\"font-size:21px\">d\u00e9cembre 2023-janvier 2024, 19 jours&nbsp;: <strong><a href=\"https:\/\/jp-morillon.com\/index.php\/laos-2023-2024\/\" target=\"_blank\" rel=\"noreferrer noopener\">Laos<\/a><\/strong><\/p>\n\n\n\n<p style=\"font-size:21px\">Luang Prabang, Pakbeng, Oudomxay, Muang Khua, Nong Khiau, Vientiane, plateau des Bolovens, Champassak, Wat Phou, Done Daeng.<\/p>\n\n\n<div class=\"wp-block-image\">\n<figure class=\"aligncenter size-full\"><a href=\"https:\/\/jp-morillon.com\/index.php\/laos-2023-2024\/\" target=\"_blank\" rel=\"noreferrer noopener\"><img loading=\"lazy\" width=\"300\" height=\"200\" src=\"https:\/\/jp-morillon.com\/wp-content\/uploads\/2024\/06\/Laos.jpg\" alt=\"\" class=\"wp-image-1570\"\/><\/a><\/figure><\/div>\n\n\n<p style=\"font-size:21px\">septembre 2023, 1 semaine&nbsp;: <strong><a href=\"https:\/\/jp-morillon.com\/index.php\/turquie\/\" target=\"_blank\" rel=\"noreferrer noopener\">Turquie<\/a><\/strong><\/p>\n\n\n\n<p style=\"font-size:21px\">Antalya. Visite des Cascade inf\u00e9rieure de D\u00fcden (Karpuzkaldiran), t\u00e9l\u00e9ph\u00e9rique, Perg\u00e9, Aspendos, Manavgat, Sid\u00e9.<\/p>\n\n\n<div class=\"wp-block-image\">\n<figure class=\"aligncenter size-full\"><a href=\"https:\/\/jp-morillon.com\/index.php\/turquie\/\" target=\"_blank\" rel=\"noreferrer noopener\"><img loading=\"lazy\" width=\"300\" height=\"200\" src=\"https:\/\/jp-morillon.com\/wp-content\/uploads\/2024\/06\/Turquie-1.jpg\" alt=\"\" class=\"wp-image-1572\"\/><\/a><\/figure><\/div>\n\n\n<p style=\"font-size:21px\">f\u00e9vrier 2023, 10 jours&nbsp;: <strong><a href=\"https:\/\/jp-morillon.com\/index.php\/vietnam-2023\/\" target=\"_blank\" rel=\"noreferrer noopener\">Vietnam&nbsp;<\/a><\/strong><\/p>\n\n\n\n<p style=\"font-size:21px\">H\u00f4 Chi Minh-Ville, Hu\u00e9, H\u1ed9i An, Nha Trang<\/p>\n\n\n<div class=\"wp-block-image\">\n<figure class=\"aligncenter size-full\"><a href=\"https:\/\/jp-morillon.com\/index.php\/vietnam-2023\/\" target=\"_blank\" rel=\"noreferrer noopener\"><img loading=\"lazy\" width=\"300\" height=\"200\" src=\"https:\/\/jp-morillon.com\/wp-content\/uploads\/2024\/06\/Vietnam.jpg\" alt=\"\" class=\"wp-image-1543\"\/><\/a><\/figure><\/div>\n\n\n<p style=\"font-size:21px\">novembre 2022, 1 semaine: <strong><a href=\"https:\/\/jp-morillon.com\/index.php\/tunisie-2022\/\" target=\"_blank\" rel=\"noreferrer noopener\">Tunisie<\/a><\/strong><\/p>\n\n\n\n<p style=\"font-size:21px\">Hammamet, Visites&nbsp;: Kairouan, El Jem et le Cap Bon.<\/p>\n\n\n<div class=\"wp-block-image\">\n<figure class=\"aligncenter size-full\"><a href=\"https:\/\/jp-morillon.com\/index.php\/tunisie-2022\/\" target=\"_blank\" rel=\"noreferrer noopener\"><img loading=\"lazy\" width=\"300\" height=\"200\" src=\"https:\/\/jp-morillon.com\/wp-content\/uploads\/2024\/06\/Tunisie.jpg\" alt=\"\" class=\"wp-image-1545\"\/><\/a><\/figure><\/div>\n\n\n<p style=\"font-size:21px\">ao\u00fbt 2022, 15 jours&nbsp;: <strong><a href=\"https:\/\/jp-morillon.com\/index.php\/vietnam-et-cambodge-2022\/\" target=\"_blank\" rel=\"noreferrer noopener\">Vietnam&nbsp;et Cambodge<\/a><\/strong><\/p>\n\n\n\n<p style=\"font-size:21px\">Hanoi, Baie d\u2019Along , H\u00f4 Chi Minh-Ville, Baie d\u2019Along, croisi\u00e8re (7 nuits) sur le M\u00e9kong vers le Cambodge&nbsp;: Phnom Penh, Siem Reap (Angkor Vat).<\/p>\n\n\n<div class=\"wp-block-image\">\n<figure class=\"aligncenter size-full\"><a href=\"https:\/\/jp-morillon.com\/index.php\/vietnam-et-cambodge-2022\/\" target=\"_blank\" rel=\"noreferrer noopener\"><img loading=\"lazy\" width=\"300\" height=\"200\" src=\"https:\/\/jp-morillon.com\/wp-content\/uploads\/2024\/06\/Vietnam-2.jpg\" alt=\"\" class=\"wp-image-1547\"\/><\/a><\/figure><\/div>\n\n<div class=\"wp-block-image\">\n<figure class=\"aligncenter size-full\"><a href=\"https:\/\/jp-morillon.com\/index.php\/vietnam-et-cambodge-2022\/\" target=\"_blank\" rel=\"noreferrer noopener\"><img loading=\"lazy\" width=\"300\" height=\"192\" src=\"https:\/\/jp-morillon.com\/wp-content\/uploads\/2024\/06\/Cambodge.jpg\" alt=\"\" class=\"wp-image-1548\"\/><\/a><\/figure><\/div>\n\n\n<p style=\"font-size:21px\">janvier 2022, 13 jours&nbsp;: <strong><a href=\"https:\/\/jp-morillon.com\/index.php\/senegal-2022\/\" target=\"_blank\" rel=\"noreferrer noopener\">S\u00e9n\u00e9gal<\/a> <\/strong><\/p>\n\n\n\n<p style=\"font-size:21px\">Saly Portudal, Joal Fadiout, Toubakouta, Dakar <\/p>\n\n\n<div class=\"wp-block-image\">\n<figure class=\"aligncenter size-full\"><a href=\"https:\/\/jp-morillon.com\/index.php\/senegal-2022\/\" target=\"_blank\" rel=\"noreferrer noopener\"><img loading=\"lazy\" width=\"300\" height=\"200\" src=\"https:\/\/jp-morillon.com\/wp-content\/uploads\/2024\/06\/Senegal.jpg\" alt=\"\" class=\"wp-image-1567\"\/><\/a><\/figure><\/div>","protected":false},"excerpt":{"rendered":"<p>mai-juin 2025, 3 semaines: Etats-Unis Washington DC, Arkansas, Tennessee, Texas d\u00e9cembre 2024, 10 jours: Egypte Le Caire, Louxor, Hurghada septembre 2024, 1 semaine&nbsp;: Turquie Izmir, Ku\u015fadas\u0131. d\u00e9cembre 2023-janvier 2024, 19 jours&nbsp;: Laos Luang Prabang, Pakbeng, Oudomxay, Muang Khua, Nong Khiau, Vientiane, plateau des Bolovens, Champassak, Wat Phou, Done Daeng. septembre 2023, 1 semaine&nbsp;: Turquie Antalya&#8230;.<a class=\"read-more-link button\" href=\"https:\/\/jp-morillon.com\/index.php\/mes-grands-voyages-depuis-2022\/\">Read more<\/a><\/p>\n","protected":false},"author":1,"featured_media":0,"parent":0,"menu_order":0,"comment_status":"closed","ping_status":"closed","template":"","meta":[],"yoast_head":"<!-- This site is optimized with the Yoast SEO plugin v19.10 - https:\/\/yoast.com\/wordpress\/plugins\/seo\/ -->\n<title>Mes grands voyages depuis 2022 - Jean-Paul Morillon<\/title>\n<meta name=\"robots\" content=\"index, follow, max-snippet:-1, max-image-preview:large, max-video-preview:-1\" \/>\n<link rel=\"canonical\" href=\"https:\/\/jp-morillon.com\/index.php\/mes-grands-voyages-depuis-2022\/\" \/>\n<meta property=\"og:locale\" content=\"fr_FR\" \/>\n<meta property=\"og:type\" content=\"article\" \/>\n<meta property=\"og:title\" content=\"Mes grands voyages depuis 2022 - Jean-Paul Morillon\" \/>\n<meta property=\"og:description\" content=\"mai-juin 2025, 3 semaines: Etats-Unis Washington DC, Arkansas, Tennessee, Texas d\u00e9cembre 2024, 10 jours: Egypte Le Caire, Louxor, Hurghada septembre 2024, 1 semaine&nbsp;: Turquie Izmir, Ku\u015fadas\u0131. d\u00e9cembre 2023-janvier 2024, 19 jours&nbsp;: Laos Luang Prabang, Pakbeng, Oudomxay, Muang Khua, Nong Khiau, Vientiane, plateau des Bolovens, Champassak, Wat Phou, Done Daeng. septembre 2023, 1 semaine&nbsp;: Turquie Antalya....Read more\" \/>\n<meta property=\"og:url\" content=\"https:\/\/jp-morillon.com\/index.php\/mes-grands-voyages-depuis-2022\/\" \/>\n<meta property=\"og:site_name\" content=\"Jean-Paul Morillon\" \/>\n<meta property=\"article:modified_time\" content=\"2025-07-27T08:13:54+00:00\" \/>\n<meta property=\"og:image\" content=\"https:\/\/jp-morillon.com\/wp-content\/uploads\/2025\/07\/USA.png\" \/>\n<meta name=\"twitter:card\" content=\"summary_large_image\" \/>\n<meta name=\"twitter:label1\" content=\"Dur\u00e9e de lecture estim\u00e9e\" \/>\n\t<meta name=\"twitter:data1\" content=\"1 minute\" \/>\n<script type=\"application\/ld+json\" class=\"yoast-schema-graph\">{\"@context\":\"https:\/\/schema.org\",\"@graph\":[{\"@type\":\"WebPage\",\"@id\":\"https:\/\/jp-morillon.com\/index.php\/mes-grands-voyages-depuis-2022\/\",\"url\":\"https:\/\/jp-morillon.com\/index.php\/mes-grands-voyages-depuis-2022\/\",\"name\":\"Mes grands voyages depuis 2022 - Jean-Paul Morillon\",\"isPartOf\":{\"@id\":\"https:\/\/jp-morillon.com\/#website\"},\"datePublished\":\"2024-06-02T07:00:30+00:00\",\"dateModified\":\"2025-07-27T08:13:54+00:00\",\"breadcrumb\":{\"@id\":\"https:\/\/jp-morillon.com\/index.php\/mes-grands-voyages-depuis-2022\/#breadcrumb\"},\"inLanguage\":\"fr-FR\",\"potentialAction\":[{\"@type\":\"ReadAction\",\"target\":[\"https:\/\/jp-morillon.com\/index.php\/mes-grands-voyages-depuis-2022\/\"]}]},{\"@type\":\"BreadcrumbList\",\"@id\":\"https:\/\/jp-morillon.com\/index.php\/mes-grands-voyages-depuis-2022\/#breadcrumb\",\"itemListElement\":[{\"@type\":\"ListItem\",\"position\":1,\"name\":\"Accueil\",\"item\":\"https:\/\/jp-morillon.com\/\"},{\"@type\":\"ListItem\",\"position\":2,\"name\":\"Mes grands voyages depuis 2022\"}]},{\"@type\":\"WebSite\",\"@id\":\"https:\/\/jp-morillon.com\/#website\",\"url\":\"https:\/\/jp-morillon.com\/\",\"name\":\"Jean-Paul Morillon\",\"description\":\"\",\"potentialAction\":[{\"@type\":\"SearchAction\",\"target\":{\"@type\":\"EntryPoint\",\"urlTemplate\":\"https:\/\/jp-morillon.com\/?s={search_term_string}\"},\"query-input\":\"required name=search_term_string\"}],\"inLanguage\":\"fr-FR\"}]}<\/script>\n<!-- \/ Yoast SEO plugin. -->","yoast_head_json":{"title":"Mes grands voyages depuis 2022 - Jean-Paul Morillon","robots":{"index":"index","follow":"follow","max-snippet":"max-snippet:-1","max-image-preview":"max-image-preview:large","max-video-preview":"max-video-preview:-1"},"canonical":"https:\/\/jp-morillon.com\/index.php\/mes-grands-voyages-depuis-2022\/","og_locale":"fr_FR","og_type":"article","og_title":"Mes grands voyages depuis 2022 - Jean-Paul Morillon","og_description":"mai-juin 2025, 3 semaines: Etats-Unis Washington DC, Arkansas, Tennessee, Texas d\u00e9cembre 2024, 10 jours: Egypte Le Caire, Louxor, Hurghada septembre 2024, 1 semaine&nbsp;: Turquie Izmir, Ku\u015fadas\u0131. d\u00e9cembre 2023-janvier 2024, 19 jours&nbsp;: Laos Luang Prabang, Pakbeng, Oudomxay, Muang Khua, Nong Khiau, Vientiane, plateau des Bolovens, Champassak, Wat Phou, Done Daeng. septembre 2023, 1 semaine&nbsp;: Turquie Antalya....Read more","og_url":"https:\/\/jp-morillon.com\/index.php\/mes-grands-voyages-depuis-2022\/","og_site_name":"Jean-Paul Morillon","article_modified_time":"2025-07-27T08:13:54+00:00","og_image":[{"url":"https:\/\/jp-morillon.com\/wp-content\/uploads\/2025\/07\/USA.png"}],"twitter_card":"summary_large_image","twitter_misc":{"Dur\u00e9e de lecture estim\u00e9e":"1 minute"},"schema":{"@context":"https:\/\/schema.org","@graph":[{"@type":"WebPage","@id":"https:\/\/jp-morillon.com\/index.php\/mes-grands-voyages-depuis-2022\/","url":"https:\/\/jp-morillon.com\/index.php\/mes-grands-voyages-depuis-2022\/","name":"Mes grands voyages depuis 2022 - Jean-Paul Morillon","isPartOf":{"@id":"https:\/\/jp-morillon.com\/#website"},"datePublished":"2024-06-02T07:00:30+00:00","dateModified":"2025-07-27T08:13:54+00:00","breadcrumb":{"@id":"https:\/\/jp-morillon.com\/index.php\/mes-grands-voyages-depuis-2022\/#breadcrumb"},"inLanguage":"fr-FR","potentialAction":[{"@type":"ReadAction","target":["https:\/\/jp-morillon.com\/index.php\/mes-grands-voyages-depuis-2022\/"]}]},{"@type":"BreadcrumbList","@id":"https:\/\/jp-morillon.com\/index.php\/mes-grands-voyages-depuis-2022\/#breadcrumb","itemListElement":[{"@type":"ListItem","position":1,"name":"Accueil","item":"https:\/\/jp-morillon.com\/"},{"@type":"ListItem","position":2,"name":"Mes grands voyages depuis 2022"}]},{"@type":"WebSite","@id":"https:\/\/jp-morillon.com\/#website","url":"https:\/\/jp-morillon.com\/","name":"Jean-Paul Morillon","description":"","potentialAction":[{"@type":"SearchAction","target":{"@type":"EntryPoint","urlTemplate":"https:\/\/jp-morillon.com\/?s={search_term_string}"},"query-input":"required name=search_term_string"}],"inLanguage":"fr-FR"}]}},"_links":{"self":[{"href":"https:\/\/jp-morillon.com\/index.php\/wp-json\/wp\/v2\/pages\/1492"}],"collection":[{"href":"https:\/\/jp-morillon.com\/index.php\/wp-json\/wp\/v2\/pages"}],"about":[{"href":"https:\/\/jp-morillon.com\/index.php\/wp-json\/wp\/v2\/types\/page"}],"author":[{"embeddable":true,"href":"https:\/\/jp-morillon.com\/index.php\/wp-json\/wp\/v2\/users\/1"}],"replies":[{"embeddable":true,"href":"https:\/\/jp-morillon.com\/index.php\/wp-json\/wp\/v2\/comments?post=1492"}],"version-history":[{"count":52,"href":"https:\/\/jp-morillon.com\/index.php\/wp-json\/wp\/v2\/pages\/1492\/revisions"}],"predecessor-version":[{"id":1635,"href":"https:\/\/jp-morillon.com\/index.php\/wp-json\/wp\/v2\/pages\/1492\/revisions\/1635"}],"wp:attachment":[{"href":"https:\/\/jp-morillon.com\/index.php\/wp-json\/wp\/v2\/media?parent=1492"}],"curies":[{"name":"wp","href":"https:\/\/api.w.org\/{rel}","templated":true}]}}