{"id":1530,"date":"2024-06-02T08:55:14","date_gmt":"2024-06-02T06:55:14","guid":{"rendered":"https:\/\/jp-morillon.com\/?page_id=1530"},"modified":"2024-06-02T08:55:16","modified_gmt":"2024-06-02T06:55:16","slug":"vietnam-et-cambodge-2022","status":"publish","type":"page","link":"https:\/\/jp-morillon.com\/index.php\/vietnam-et-cambodge-2022\/","title":{"rendered":"Vietnam et Cambodge 2022"},"content":{"rendered":"\n<!-- Global site tag (gtag.js) - Google Analytics -->\n<script async=\"\" src=\"https:\/\/www.googletagmanager.com\/gtag\/js?id=UA-167405817-1\"><\/script>\n<script>\n  window.dataLayer = window.dataLayer || [];\n  function gtag(){dataLayer.push(arguments);}\n  gtag('js', new Date());\n\n  gtag('config', 'UA-167405817-1');\n<\/script>\n <meta charset=\"utf-8\">\n  <link rel=\"stylesheet\" href=\"https:\/\/jp-morillon.com\/css\/lightbox.css\">\n  <link rel=\"stylesheet\" type=\"text\/css\" href=\"css\/Style.css\">\n<link type=\"text\/css\" href=\"..\/css\/layout.css?template=generic\" rel=\"stylesheet\">\n  <meta name=\"viewport\" content=\"width=device-width, initial-scale=1.0\">\n\n\n\n<section>\n \n\n   <div class=\"gallerie\"> \n          <span title=\"Hano\u00ef\">\n        <a href=\" https:\\\\jp-morillon.com\\imagegallery\\Voyages\\VietnamCambodge\\0.JPG \" data-lightbox=\"VietnamCambodge\" data-title=\"Hano\u00ef, Op\u00e9ra\"><img src=\"https:\\\\jp-morillon.com\\imagegallery\\Voyages\\VietnamCambodge\\0-t.jpg\"><\/a>     \n        <\/span>\n          <span title=\"Hano\u00ef\">\n        <a href=\" https:\\\\jp-morillon.com\\imagegallery\\Voyages\\VietnamCambodge\\1.JPG \" data-lightbox=\"VietnamCambodge\" data-title=\"Hano\u00ef, Mausol\u00e9e H\u00f4 Chi Minh\"><img src=\"https:\\\\jp-morillon.com\\imagegallery\\Voyages\\VietnamCambodge\\1-t.jpg\"><\/a>     \n        <\/span>\n         <span title=\"Baie d\u2019Halong\">\n        <a href=\" https:\\\\jp-morillon.com\\imagegallery\\Voyages\\VietnamCambodge\\2.JPG\" data-lightbox=\"VietnamCambodge\" data-title=\"Baie d\u2019Halong\"><img src=\"https:\\\\jp-morillon.com\\imagegallery\\Voyages\\VietnamCambodge\\2-t.jpg\"><\/a>     \n        <\/span>\n         <span title=\"Baie d\u2019Halong\">\n        <a href=\" https:\\\\jp-morillon.com\\imagegallery\\Voyages\\VietnamCambodge\\3.JPG\" data-lightbox=\"VietnamCambodge\" data-title=\"Baie d\u2019Halong\"><img src=\"https:\\\\jp-morillon.com\\imagegallery\\Voyages\\VietnamCambodge\\3-t.jpg\"><\/a>     \n        <\/span>\n          <span title=\" Hano\u00ef\">\n        <a href=\" https:\\\\jp-morillon.com\\imagegallery\\Voyages\\VietnamCambodge\\4.JPG \" data-lightbox=\"VietnamCambodge\" data-title=\"Hano\u00ef, spectacle\"><img src=\"https:\\\\jp-morillon.com\\imagegallery\\Voyages\\VietnamCambodge\\4-t.jpg\"><\/a>     \n        <\/span>\n          <span title=\"H\u00f4 Chi Minh-Ville\">\n        <a href=\" https:\\\\jp-morillon.com\\imagegallery\\Voyages\\VietnamCambodge\\5.JPG \" data-lightbox=\"VietnamCambodge\" data-title=\"H\u00f4 Chi Minh-Ville\"><img src=\"https:\\\\jp-morillon.com\\imagegallery\\Voyages\\VietnamCambodge\\5-t.jpg\"><\/a>     \n        <\/span>\n         <span title=\"Croisi\u00e8re M\u00e9kong\">\n        <a href=\" https:\\\\jp-morillon.com\\imagegallery\\Voyages\\VietnamCambodge\\6.JPG\" data-lightbox=\"VietnamCambodge\" data-title=\" Croisi\u00e8re M\u00e9kong \"><img src=\"https:\\\\jp-morillon.com\\imagegallery\\Voyages\\VietnamCambodge\\6-t.jpg\"><\/a>     \n        <\/span>\n         <span title=\" Croisi\u00e8re M\u00e9kong \">\n        <a href=\" https:\\\\jp-morillon.com\\imagegallery\\Voyages\\VietnamCambodge\\7.JPG\" data-lightbox=\"VietnamCambodge\" data-title=\" Croisi\u00e8re M\u00e9kong \"><img src=\"https:\\\\jp-morillon.com\\imagegallery\\Voyages\\VietnamCambodge\\7-t.jpg\"><\/a>     \n        <\/span>\n          <span title=\" C\u00e1i B\u00e8\">\n        <a href=\" https:\\\\jp-morillon.com\\imagegallery\\Voyages\\VietnamCambodge\\8.JPG \" data-lightbox=\"VietnamCambodge\" data-title=\"C\u00e1i B\u00e8\"><img src=\"https:\\\\jp-morillon.com\\imagegallery\\Voyages\\VietnamCambodge\\8-t.jpg\"><\/a>     \n        <\/span>\n          <span title=\"Sa Dec\">\n        <a href=\" https:\\\\jp-morillon.com\\imagegallery\\Voyages\\VietnamCambodge\\9.JPG \" data-lightbox=\"VietnamCambodge\" data-title=\"Sa Dec, maison de Marguerite Duras\"><img src=\"https:\\\\jp-morillon.com\\imagegallery\\Voyages\\VietnamCambodge\\9-t.jpg\"><\/a>     \n        <\/span>\n         <span title=\"Vietnam\">\n        <a href=\" https:\\\\jp-morillon.com\\imagegallery\\Voyages\\VietnamCambodge\\10.JPG\" data-lightbox=\"VietnamCambodge\" data-title=\"Vietnam\"><img src=\"https:\\\\jp-morillon.com\\imagegallery\\Voyages\\VietnamCambodge\\10-t.jpg\"><\/a>     \n        <\/span>\n         <span title=\" Cambodge \">\n        <a href=\" https:\\\\jp-morillon.com\\imagegallery\\Voyages\\VietnamCambodge\\11.JPG\" data-lightbox=\"VietnamCambodge\" data-title=\"Cambodge, Phnom Penh \"><img src=\"https:\\\\jp-morillon.com\\imagegallery\\Voyages\\VietnamCambodge\\11-t.jpg\"><\/a>     \n        <\/span>\n         <span title=\" Cambodge \">\n        <a href=\" https:\\\\jp-morillon.com\\imagegallery\\Voyages\\VietnamCambodge\\12.JPG\" data-lightbox=\"VietnamCambodge\" data-title=\"Cambodge, Phnom Penh \"><img src=\"https:\\\\jp-morillon.com\\imagegallery\\Voyages\\VietnamCambodge\\12-t.jpg\"><\/a>     \n        <\/span>\n         <span title=\" Cambodge \">\n        <a href=\" https:\\\\jp-morillon.com\\imagegallery\\Voyages\\VietnamCambodge\\13.JPG\" data-lightbox=\"VietnamCambodge\" data-title=\"Cambodge, Phnom Penh \"><img src=\"https:\\\\jp-morillon.com\\imagegallery\\Voyages\\VietnamCambodge\\13-t.jpg\"><\/a>     \n        <\/span>\n\n          <span title=\" Croisi\u00e8re M\u00e9kong\">\n        <a href=\" https:\\\\jp-morillon.com\\imagegallery\\Voyages\\VietnamCambodge\\14.JPG \" data-lightbox=\"VietnamCambodge\" data-title=\" Croisi\u00e8re M\u00e9kong, le bateau\"><img src=\"https:\\\\jp-morillon.com\\imagegallery\\Voyages\\VietnamCambodge\\14-t.jpg\"><\/a>     \n        <\/span>\n          <span title=\"Cambodge\">\n        <a href=\" https:\\\\jp-morillon.com\\imagegallery\\Voyages\\VietnamCambodge\\15.JPG \" data-lightbox=\"VietnamCambodge\" data-title=\" Cambodge, Angkor Vat\"><img src=\"https:\\\\jp-morillon.com\\imagegallery\\Voyages\\VietnamCambodge\\15-t.jpg\"><\/a>     \n        <\/span>\n         <span title=\" Cambodge\">\n        <a href=\" https:\\\\jp-morillon.com\\imagegallery\\Voyages\\VietnamCambodge\\16.JPG\" data-lightbox=\"VietnamCambodge\" data-title=\" Cambodge, Angkor Vat \"><img src=\"https:\\\\jp-morillon.com\\imagegallery\\Voyages\\VietnamCambodge\\16-t.jpg\"><\/a>     \n        <\/span>\n         <span title=\" Cambodge\">\n        <a href=\" https:\\\\jp-morillon.com\\imagegallery\\Voyages\\VietnamCambodge\\17.JPG\" data-lightbox=\"VietnamCambodge\" data-title=\" Cambodge, Angkor Vat\"><img src=\"https:\\\\jp-morillon.com\\imagegallery\\Voyages\\VietnamCambodge\\17-t.jpg\"><\/a>     \n        <\/span>\n         <span title=\" Cambodge \">\n        <a href=\" https:\\\\jp-morillon.com\\imagegallery\\Voyages\\VietnamCambodge\\18.JPG\" data-lightbox=\"VietnamCambodge\" data-title=\" Cambodge, Angkor Vat\"><img src=\"https:\\\\jp-morillon.com\\imagegallery\\Voyages\\VietnamCambodge\\18-t.jpg\"><\/a>     \n        <\/span>\n         <span title=\" Cambodge \">\n        <a href=\" https:\\\\jp-morillon.com\\imagegallery\\Voyages\\VietnamCambodge\\19.JPG\" data-lightbox=\"VietnamCambodge\" data-title=\" Cambodge, Angkor Vat\"><img src=\"https:\\\\jp-morillon.com\\imagegallery\\Voyages\\VietnamCambodge\\19-t.jpg\"><\/a>     \n        <\/span>\n\n         <span title=\" Cambodge \">\n        <a href=\" https:\\\\jp-morillon.com\\imagegallery\\Voyages\\VietnamCambodge\\20.JPG\" data-lightbox=\"VietnamCambodge\" data-title=\" Cambodge, Angkor Vat\"><img src=\"https:\\\\jp-morillon.com\\imagegallery\\Voyages\\VietnamCambodge\\20-t.jpg\"><\/a>     \n        <\/span>\n\n<span title=\" Retour\">\n        <a href=\" https:\\\\jp-morillon.com\\imagegallery\\Voyages\\VietnamCambodge\\21.JPG \" data-lightbox=\"VietnamCambodge\" data-title=\" Vol Siem Reap-Bangkok\"><img src=\"https:\\\\jp-morillon.com\\imagegallery\\Voyages\\VietnamCambodge\\21-t.jpg\"><\/a>     \n        <\/span>\n          <span title=\" Retour \">\n        <a href=\" https:\\\\jp-morillon.com\\imagegallery\\Voyages\\VietnamCambodge\\22.JPG \" data-lightbox=\"VietnamCambodge\" data-title=\"Vol vers Gen\u00e8ve, survol de ma ville natale\"><img src=\"https:\\\\jp-morillon.com\\imagegallery\\Voyages\\VietnamCambodge\\22-t.jpg\"><\/a>     \n        <\/span>\n\n\n  <\/div><\/section>\n<script src=\"https:\/\/jp-morillon.com\/js\/lightbox-plus-jquery.min.js\"><\/script>\n","protected":false},"excerpt":{"rendered":"","protected":false},"author":1,"featured_media":0,"parent":0,"menu_order":0,"comment_status":"closed","ping_status":"closed","template":"","meta":[],"yoast_head":"<!-- This site is optimized with the Yoast SEO plugin v19.10 - https:\/\/yoast.com\/wordpress\/plugins\/seo\/ -->\n<title>Vietnam et Cambodge 2022 - Jean-Paul Morillon<\/title>\n<meta name=\"robots\" content=\"index, follow, max-snippet:-1, max-image-preview:large, max-video-preview:-1\" \/>\n<link rel=\"canonical\" href=\"https:\/\/jp-morillon.com\/index.php\/vietnam-et-cambodge-2022\/\" \/>\n<meta property=\"og:locale\" content=\"fr_FR\" \/>\n<meta property=\"og:type\" content=\"article\" \/>\n<meta property=\"og:title\" content=\"Vietnam et Cambodge 2022 - Jean-Paul Morillon\" \/>\n<meta property=\"og:url\" content=\"https:\/\/jp-morillon.com\/index.php\/vietnam-et-cambodge-2022\/\" \/>\n<meta property=\"og:site_name\" content=\"Jean-Paul Morillon\" \/>\n<meta property=\"article:modified_time\" content=\"2024-06-02T06:55:16+00:00\" \/>\n<meta name=\"twitter:card\" content=\"summary_large_image\" \/>\n<script type=\"application\/ld+json\" class=\"yoast-schema-graph\">{\"@context\":\"https:\/\/schema.org\",\"@graph\":[{\"@type\":\"WebPage\",\"@id\":\"https:\/\/jp-morillon.com\/index.php\/vietnam-et-cambodge-2022\/\",\"url\":\"https:\/\/jp-morillon.com\/index.php\/vietnam-et-cambodge-2022\/\",\"name\":\"Vietnam et Cambodge 2022 - Jean-Paul Morillon\",\"isPartOf\":{\"@id\":\"https:\/\/jp-morillon.com\/#website\"},\"datePublished\":\"2024-06-02T06:55:14+00:00\",\"dateModified\":\"2024-06-02T06:55:16+00:00\",\"breadcrumb\":{\"@id\":\"https:\/\/jp-morillon.com\/index.php\/vietnam-et-cambodge-2022\/#breadcrumb\"},\"inLanguage\":\"fr-FR\",\"potentialAction\":[{\"@type\":\"ReadAction\",\"target\":[\"https:\/\/jp-morillon.com\/index.php\/vietnam-et-cambodge-2022\/\"]}]},{\"@type\":\"BreadcrumbList\",\"@id\":\"https:\/\/jp-morillon.com\/index.php\/vietnam-et-cambodge-2022\/#breadcrumb\",\"itemListElement\":[{\"@type\":\"ListItem\",\"position\":1,\"name\":\"Accueil\",\"item\":\"https:\/\/jp-morillon.com\/\"},{\"@type\":\"ListItem\",\"position\":2,\"name\":\"Vietnam et Cambodge 2022\"}]},{\"@type\":\"WebSite\",\"@id\":\"https:\/\/jp-morillon.com\/#website\",\"url\":\"https:\/\/jp-morillon.com\/\",\"name\":\"Jean-Paul Morillon\",\"description\":\"\",\"potentialAction\":[{\"@type\":\"SearchAction\",\"target\":{\"@type\":\"EntryPoint\",\"urlTemplate\":\"https:\/\/jp-morillon.com\/?s={search_term_string}\"},\"query-input\":\"required name=search_term_string\"}],\"inLanguage\":\"fr-FR\"}]}<\/script>\n<!-- \/ Yoast SEO plugin. -->","yoast_head_json":{"title":"Vietnam et Cambodge 2022 - Jean-Paul Morillon","robots":{"index":"index","follow":"follow","max-snippet":"max-snippet:-1","max-image-preview":"max-image-preview:large","max-video-preview":"max-video-preview:-1"},"canonical":"https:\/\/jp-morillon.com\/index.php\/vietnam-et-cambodge-2022\/","og_locale":"fr_FR","og_type":"article","og_title":"Vietnam et Cambodge 2022 - Jean-Paul Morillon","og_url":"https:\/\/jp-morillon.com\/index.php\/vietnam-et-cambodge-2022\/","og_site_name":"Jean-Paul Morillon","article_modified_time":"2024-06-02T06:55:16+00:00","twitter_card":"summary_large_image","schema":{"@context":"https:\/\/schema.org","@graph":[{"@type":"WebPage","@id":"https:\/\/jp-morillon.com\/index.php\/vietnam-et-cambodge-2022\/","url":"https:\/\/jp-morillon.com\/index.php\/vietnam-et-cambodge-2022\/","name":"Vietnam et Cambodge 2022 - Jean-Paul Morillon","isPartOf":{"@id":"https:\/\/jp-morillon.com\/#website"},"datePublished":"2024-06-02T06:55:14+00:00","dateModified":"2024-06-02T06:55:16+00:00","breadcrumb":{"@id":"https:\/\/jp-morillon.com\/index.php\/vietnam-et-cambodge-2022\/#breadcrumb"},"inLanguage":"fr-FR","potentialAction":[{"@type":"ReadAction","target":["https:\/\/jp-morillon.com\/index.php\/vietnam-et-cambodge-2022\/"]}]},{"@type":"BreadcrumbList","@id":"https:\/\/jp-morillon.com\/index.php\/vietnam-et-cambodge-2022\/#breadcrumb","itemListElement":[{"@type":"ListItem","position":1,"name":"Accueil","item":"https:\/\/jp-morillon.com\/"},{"@type":"ListItem","position":2,"name":"Vietnam et Cambodge 2022"}]},{"@type":"WebSite","@id":"https:\/\/jp-morillon.com\/#website","url":"https:\/\/jp-morillon.com\/","name":"Jean-Paul Morillon","description":"","potentialAction":[{"@type":"SearchAction","target":{"@type":"EntryPoint","urlTemplate":"https:\/\/jp-morillon.com\/?s={search_term_string}"},"query-input":"required name=search_term_string"}],"inLanguage":"fr-FR"}]}},"_links":{"self":[{"href":"https:\/\/jp-morillon.com\/index.php\/wp-json\/wp\/v2\/pages\/1530"}],"collection":[{"href":"https:\/\/jp-morillon.com\/index.php\/wp-json\/wp\/v2\/pages"}],"about":[{"href":"https:\/\/jp-morillon.com\/index.php\/wp-json\/wp\/v2\/types\/page"}],"author":[{"embeddable":true,"href":"https:\/\/jp-morillon.com\/index.php\/wp-json\/wp\/v2\/users\/1"}],"replies":[{"embeddable":true,"href":"https:\/\/jp-morillon.com\/index.php\/wp-json\/wp\/v2\/comments?post=1530"}],"version-history":[{"count":2,"href":"https:\/\/jp-morillon.com\/index.php\/wp-json\/wp\/v2\/pages\/1530\/revisions"}],"predecessor-version":[{"id":1532,"href":"https:\/\/jp-morillon.com\/index.php\/wp-json\/wp\/v2\/pages\/1530\/revisions\/1532"}],"wp:attachment":[{"href":"https:\/\/jp-morillon.com\/index.php\/wp-json\/wp\/v2\/media?parent=1530"}],"curies":[{"name":"wp","href":"https:\/\/api.w.org\/{rel}","templated":true}]}}