{"id":25,"date":"2022-02-06T14:47:59","date_gmt":"2022-02-06T13:47:59","guid":{"rendered":"http:\/\/wordpresslocal\/?page_id=25"},"modified":"2025-12-19T10:01:46","modified_gmt":"2025-12-19T09:01:46","slug":"roger-chambard","status":"publish","type":"page","link":"https:\/\/jp-morillon.com\/index.php\/roger-chambard\/","title":{"rendered":"Roger Chambard"},"content":{"rendered":"\n<!-- Global site tag (gtag.js) - Google Analytics -->\n<script async=\"\" src=\"https:\/\/www.googletagmanager.com\/gtag\/js?id=UA-167405817-1\"><\/script>\n<script>\n  window.dataLayer = window.dataLayer || [];\n  function gtag(){dataLayer.push(arguments);}\n  gtag('js', new Date());\n\n  gtag('config', 'UA-167405817-1');\n<\/script>\n<meta charset=\"utf-8\">\n  <link rel=\"stylesheet\" href=\"https:\/\/jp-morillon.com\/css\/lightbox.css\">\n  <link rel=\"stylesheet\" type=\"text\/css\" href=\"css\/Style.css\">\n<link type=\"text\/css\" href=\"..\/css\/layout.css?template=generic\" rel=\"stylesheet\">\n  <meta name=\"viewport\" content=\"width=device-width, initial-scale=1.0\">\n\n\n\n<p class=\"has-medium-font-size\"><strong>Roger<\/strong>&nbsp;(Lucien)<strong>&nbsp;Chambard&nbsp;<\/strong>(4 avril 1904-7 mai 1982)<strong>&nbsp;<\/strong>est un ethnologue, diplomate et acteur \u00e9conomique fran\u00e7ais.<\/p>\n\n\n\n<p class=\"has-medium-font-size\">Il fait des \u00e9tudes en droit et \u00e0 l\u2019<a href=\"http:\/\/www.inalco.fr\/\" target=\"_blank\" rel=\"noreferrer noopener\">\u00e9cole des Langues Orientales<\/a>. Professeur au lyc\u00e9e d&rsquo;<a href=\"https:\/\/www.google.com\/maps\/place\/Addis-Abeba,+%C3%89thiopie\/@7.9557702,37.8916745,7z\/data=!4m5!3m4!1s0x164b85cef5ab402d:0x8467b6b037a24d49!8m2!3d8.9806034!4d38.7577605\" target=\"_blank\" rel=\"noreferrer noopener\">Addis-Abeba<\/a>, il participe \u00e0 des fouilles en Ethiopie de 1923 \u00e0 1927. Il est l\u2019auteur d&rsquo;un recueil de proverbes libyens et de&nbsp; \u00ab&nbsp;<em>Cinq ann\u00e9es de recherches arch\u00e9ologiques en \u00c9thiopie, province du Harar et \u00c9thiopie m\u00e9ridionale<\/em>&nbsp;\u00bb, ouvrage &nbsp;pour lequel il re\u00e7oit le prix Montyon (Acad\u00e9mie fran\u00e7aise, 1934).<\/p>\n\n\n\n<p class=\"has-medium-font-size\">Il embrasse la carri\u00e8re diplomatique qu\u2019il d\u00e9bute en qualit\u00e9 de secr\u00e9taire-interpr\u00e8te d\u2019Orient. Il occupe des postes en Turquie (<a href=\"https:\/\/www.google.com\/maps\/place\/Izmir,+%C4%B0zmir,+Turquie\/@38.3141893,27.0683322,8.75z\/data=!4m5!3m4!1s0x14bbd862a762cacd:0x628cbba1a59ce8fe!8m2!3d38.423734!4d27.142826\" target=\"_blank\" rel=\"noreferrer noopener\">Smyrne&nbsp;<\/a>et&nbsp;<a href=\"https:\/\/www.google.com\/maps\/place\/Ankara,+Turquie\/@39.3719738,31.2887498,7.96z\/data=!4m5!3m4!1s0x14d347d520732db1:0xbdc57b0c0842b8d!8m2!3d39.9333635!4d32.8597419\">Ankara<\/a>) en 1931, en Chine (<a href=\"https:\/\/www.google.com\/maps\/search\/hankou\/@31.027847,110.5589492,5z\" target=\"_blank\" rel=\"noreferrer noopener\">Hankou<\/a>) en 1932, au Liban (<a href=\"https:\/\/www.google.com\/maps\/place\/Beyrouth,+Liban\/@33.8228187,35.5112839,8z\/data=!4m5!3m4!1s0x151f17215880a78f:0x729182bae99836b4!8m2!3d33.8937913!4d35.5017767\" target=\"_blank\" rel=\"noreferrer noopener\">Beyrouth<\/a>) en 1938 et au Maroc au cabinet du r\u00e9sident g\u00e9n\u00e9ral. Il est consul g\u00e9n\u00e9ral \u00e0&nbsp;<a href=\"https:\/\/www.google.com\/maps\/place\/Tripoli,+Libye\/@34.3094232,12.6659697,7z\/data=!4m5!3m4!1s0x13a892c4c11c43d9:0x8d99d8947b5cec86!8m2!3d32.8872094!4d13.1913383?hl=fr\" target=\"_blank\" rel=\"noreferrer noopener\">Tripoli&nbsp;<\/a>d\u2019Afrique en 1947 avant de devenir charg\u00e9 d&rsquo;affaires en Libye lorsque ce pays acc\u00e8de \u00e0 l\u2019ind\u00e9pendance en 1952.&nbsp;<strong>Jean<\/strong>&nbsp;<strong>Morillon<\/strong>&nbsp;occupe \u00e9galement un poste \u00e0 cette \u00e9poque \u00e0 Tripoli et c\u2019est l\u00e0 que se noue la relation entre les deux hommes.<\/p>\n\n\n\n<p class=\"has-medium-font-size\">Roger Chambard est le premier ambassadeur de France en&nbsp;<a href=\"https:\/\/www.google.com\/maps\/place\/Cor%C3%A9e+du+Sud\/@37.9984214,125.5241371,7z\/data=!4m5!3m4!1s0x356455ebcb11ba9b:0x91249b00ba88db4b!8m2!3d35.907757!4d127.766922\" target=\"_blank\" rel=\"noreferrer noopener\">Cor\u00e9e du Sud<\/a>, poste qu\u2019il occupe de 1959 \u00e0 1969. Il poursuit enfin son engagement en faveur des \u00e9changes franco-cor\u00e9ens dans ses fonctions chez P\u00e9chiney-Ugine-Kuhlmann jusqu&rsquo;en 1975 puis&nbsp;au sein du Conseil national du patronat fran\u00e7ais (CNPF) et \u00e0 la pr\u00e9sidence du holding Japan Pacific Fund de 1978 \u00e0 1982.<\/p>\n\n\n\n<p class=\"has-medium-font-size\">Roger Chambard est un r\u00e9sistant. Il est identifi\u00e9 par les allemands comme membre d\u2019un groupe de quelques 365 personnes, potentiels futurs cadres de la nouvelle organisation administrative, politique ou morale de la France lib\u00e9r\u00e9e.<\/p>\n\n\n\n<p class=\"has-medium-font-size\">Il est arr\u00eat\u00e9&nbsp;par la Gestapo en 1943. Avec ce groupe, dit les \u00ab&nbsp;<a href=\"https:\/\/clio-cr.clionautes.org\/otages-dhitler-1942-1945.html\" target=\"_blank\" rel=\"noreferrer noopener\">otages d\u2019Hitler<\/a>&nbsp;\u00bb, il est d\u00e9port\u00e9 \u00e0&nbsp;<a href=\"https:\/\/fr.wikipedia.org\/wiki\/Ch%C3%A2teau_de_Jeze%C5%99%C3%AD\" target=\"_blank\" rel=\"noreferrer noopener\">Eisenberg<\/a>&nbsp;le 31 ao\u00fbt 1943 et lib\u00e9r\u00e9 le 8 mai 1945 (R\u00e9f:&nbsp;<a href=\"http:\/\/www.bddm.org\/liv\/details.php?id=I.128.\" target=\"_blank\" rel=\"noreferrer noopener\">Fondation pour la m\u00e9moire de la d\u00e9portation<\/a>).&nbsp;&nbsp;<\/p>\n\n\n\n<p class=\"has-medium-font-size\">Roger Chambard et Jean Morillon ont suivi une formation acad\u00e9mique similaire. Ils partagent les m\u00eames passions (l\u2019Orient, les langues et plus particuli\u00e8rement l\u2019arabe, les civilisations et religions) et leur chemin se croise souvent dans les m\u00eames pays.<\/p>\n\n\n\n<p class=\"has-medium-font-size\">La vie personnelle et spirituelle de Jean Morillon, tout comme le d\u00e9roulement se sa carri\u00e8re professionnelle, restent marqu\u00e9s par cette longue relation avec Roger Chambard.\u00a0<\/p>\n\n\n\n<p class=\"has-medium-font-size\">Jean Morillon est l&rsquo;auteur des photos de Roger Chambard sur cette page.<\/p>\n\n\n\n<div class=\"wp-block-columns is-layout-flex wp-container-2\">\n<div class=\"wp-block-column is-vertically-aligned-center is-layout-flow\" style=\"flex-basis:100%\"><\/div>\n<\/div>\n\n\n\n<div class=\"wp-block-group is-layout-flow\"><div class=\"wp-block-group__inner-container\">\n<section>\n \n   <div class=\"gallerie\"> \n         <span title=\"Roger Chambard Tripoli Lybie \">\n        <a href=\" https:\\\\jp-morillon.com\\imagegallery\\Roger-Chambard\\Roger_Chambard_Lybie.jpg\" data-lightbox=\"Jean_Morillon\" data-title=\" D\u00e9part de Monsieur Roger Chambard de l'ambassade de France \u00e0 Tripoli(Libye) en 1952.\"><img src=\"https:\\\\jp-morillon.com\\imagegallery\/Roger-Chambard\/Roger_Chambard_Lybie.thumb.jpg\"><\/a>     \n        <\/span>\n        <span title=\"Roger Chambard Turquie\">\n        <a href=\"https:\\\\jp-morillon.com\\imagegallery\\Roger-Chambard\\Roger_Chambard_Turquie.jpg\" data-lightbox=\"Jean_Morillon\" data-title=\" Monsieur Roger Chambard sur un site arch\u00e9ologique en Turquie en 1968.\"><img src=\"https:\\\\jp-morillon.com\\imagegallery\/Roger-Chambard\/Roger_Chambard_Turquie.thumb.jpg\"><\/a>     \n        <\/span>\n  <\/div><\/section>\n \n  <script src=\"https:\/\/jp-morillon.com\/js\/lightbox-plus-jquery.min.js\"><\/script>\n<\/div><\/div>\n","protected":false},"excerpt":{"rendered":"<p>Roger&nbsp;(Lucien)&nbsp;Chambard&nbsp;(4 avril 1904-7 mai 1982)&nbsp;est un ethnologue, diplomate et acteur \u00e9conomique fran\u00e7ais. Il fait des \u00e9tudes en droit et \u00e0 l\u2019\u00e9cole des Langues Orientales. Professeur au lyc\u00e9e d&rsquo;Addis-Abeba, il participe \u00e0 des fouilles en Ethiopie de 1923 \u00e0 1927. Il est l\u2019auteur d&rsquo;un recueil de proverbes libyens et de&nbsp; \u00ab&nbsp;Cinq ann\u00e9es de recherches arch\u00e9ologiques en&#8230;<a class=\"read-more-link button\" href=\"https:\/\/jp-morillon.com\/index.php\/roger-chambard\/\">Read more<\/a><\/p>\n","protected":false},"author":2,"featured_media":0,"parent":0,"menu_order":0,"comment_status":"closed","ping_status":"closed","template":"","meta":[],"yoast_head":"<!-- This site is optimized with the Yoast SEO plugin v19.10 - https:\/\/yoast.com\/wordpress\/plugins\/seo\/ -->\n<title>Roger Chambard - Jean-Paul Morillon<\/title>\n<meta name=\"description\" content=\"Roger\u00a0(Lucien)\u00a0Chambard\u00a0(1904-1982)\u00a0est un ethnologue, diplomate et acteur \u00e9conomique fran\u00e7ais.\" \/>\n<meta name=\"robots\" content=\"index, follow, max-snippet:-1, max-image-preview:large, max-video-preview:-1\" \/>\n<link rel=\"canonical\" href=\"https:\/\/jp-morillon.com\/index.php\/roger-chambard\/\" \/>\n<meta property=\"og:locale\" content=\"fr_FR\" \/>\n<meta property=\"og:type\" content=\"article\" \/>\n<meta property=\"og:title\" content=\"Roger Chambard - Jean-Paul Morillon\" \/>\n<meta property=\"og:description\" content=\"Roger\u00a0(Lucien)\u00a0Chambard\u00a0(1904-1982)\u00a0est un ethnologue, diplomate et acteur \u00e9conomique fran\u00e7ais.\" \/>\n<meta property=\"og:url\" content=\"https:\/\/jp-morillon.com\/index.php\/roger-chambard\/\" \/>\n<meta property=\"og:site_name\" content=\"Jean-Paul Morillon\" \/>\n<meta property=\"article:modified_time\" content=\"2025-12-19T09:01:46+00:00\" \/>\n<meta name=\"twitter:card\" content=\"summary_large_image\" \/>\n<meta name=\"twitter:label1\" content=\"Dur\u00e9e de lecture estim\u00e9e\" \/>\n\t<meta name=\"twitter:data1\" content=\"3 minutes\" \/>\n<script type=\"application\/ld+json\" class=\"yoast-schema-graph\">{\"@context\":\"https:\/\/schema.org\",\"@graph\":[{\"@type\":\"WebPage\",\"@id\":\"https:\/\/jp-morillon.com\/index.php\/roger-chambard\/\",\"url\":\"https:\/\/jp-morillon.com\/index.php\/roger-chambard\/\",\"name\":\"Roger Chambard - Jean-Paul Morillon\",\"isPartOf\":{\"@id\":\"https:\/\/jp-morillon.com\/#website\"},\"datePublished\":\"2022-02-06T13:47:59+00:00\",\"dateModified\":\"2025-12-19T09:01:46+00:00\",\"description\":\"Roger\u00a0(Lucien)\u00a0Chambard\u00a0(1904-1982)\u00a0est un ethnologue, diplomate et acteur \u00e9conomique fran\u00e7ais.\",\"breadcrumb\":{\"@id\":\"https:\/\/jp-morillon.com\/index.php\/roger-chambard\/#breadcrumb\"},\"inLanguage\":\"fr-FR\",\"potentialAction\":[{\"@type\":\"ReadAction\",\"target\":[\"https:\/\/jp-morillon.com\/index.php\/roger-chambard\/\"]}]},{\"@type\":\"BreadcrumbList\",\"@id\":\"https:\/\/jp-morillon.com\/index.php\/roger-chambard\/#breadcrumb\",\"itemListElement\":[{\"@type\":\"ListItem\",\"position\":1,\"name\":\"Accueil\",\"item\":\"https:\/\/jp-morillon.com\/\"},{\"@type\":\"ListItem\",\"position\":2,\"name\":\"Roger Chambard\"}]},{\"@type\":\"WebSite\",\"@id\":\"https:\/\/jp-morillon.com\/#website\",\"url\":\"https:\/\/jp-morillon.com\/\",\"name\":\"Jean-Paul Morillon\",\"description\":\"\",\"potentialAction\":[{\"@type\":\"SearchAction\",\"target\":{\"@type\":\"EntryPoint\",\"urlTemplate\":\"https:\/\/jp-morillon.com\/?s={search_term_string}\"},\"query-input\":\"required name=search_term_string\"}],\"inLanguage\":\"fr-FR\"}]}<\/script>\n<!-- \/ Yoast SEO plugin. -->","yoast_head_json":{"title":"Roger Chambard - Jean-Paul Morillon","description":"Roger\u00a0(Lucien)\u00a0Chambard\u00a0(1904-1982)\u00a0est un ethnologue, diplomate et acteur \u00e9conomique fran\u00e7ais.","robots":{"index":"index","follow":"follow","max-snippet":"max-snippet:-1","max-image-preview":"max-image-preview:large","max-video-preview":"max-video-preview:-1"},"canonical":"https:\/\/jp-morillon.com\/index.php\/roger-chambard\/","og_locale":"fr_FR","og_type":"article","og_title":"Roger Chambard - Jean-Paul Morillon","og_description":"Roger\u00a0(Lucien)\u00a0Chambard\u00a0(1904-1982)\u00a0est un ethnologue, diplomate et acteur \u00e9conomique fran\u00e7ais.","og_url":"https:\/\/jp-morillon.com\/index.php\/roger-chambard\/","og_site_name":"Jean-Paul Morillon","article_modified_time":"2025-12-19T09:01:46+00:00","twitter_card":"summary_large_image","twitter_misc":{"Dur\u00e9e de lecture estim\u00e9e":"3 minutes"},"schema":{"@context":"https:\/\/schema.org","@graph":[{"@type":"WebPage","@id":"https:\/\/jp-morillon.com\/index.php\/roger-chambard\/","url":"https:\/\/jp-morillon.com\/index.php\/roger-chambard\/","name":"Roger Chambard - Jean-Paul Morillon","isPartOf":{"@id":"https:\/\/jp-morillon.com\/#website"},"datePublished":"2022-02-06T13:47:59+00:00","dateModified":"2025-12-19T09:01:46+00:00","description":"Roger\u00a0(Lucien)\u00a0Chambard\u00a0(1904-1982)\u00a0est un ethnologue, diplomate et acteur \u00e9conomique fran\u00e7ais.","breadcrumb":{"@id":"https:\/\/jp-morillon.com\/index.php\/roger-chambard\/#breadcrumb"},"inLanguage":"fr-FR","potentialAction":[{"@type":"ReadAction","target":["https:\/\/jp-morillon.com\/index.php\/roger-chambard\/"]}]},{"@type":"BreadcrumbList","@id":"https:\/\/jp-morillon.com\/index.php\/roger-chambard\/#breadcrumb","itemListElement":[{"@type":"ListItem","position":1,"name":"Accueil","item":"https:\/\/jp-morillon.com\/"},{"@type":"ListItem","position":2,"name":"Roger Chambard"}]},{"@type":"WebSite","@id":"https:\/\/jp-morillon.com\/#website","url":"https:\/\/jp-morillon.com\/","name":"Jean-Paul Morillon","description":"","potentialAction":[{"@type":"SearchAction","target":{"@type":"EntryPoint","urlTemplate":"https:\/\/jp-morillon.com\/?s={search_term_string}"},"query-input":"required name=search_term_string"}],"inLanguage":"fr-FR"}]}},"_links":{"self":[{"href":"https:\/\/jp-morillon.com\/index.php\/wp-json\/wp\/v2\/pages\/25"}],"collection":[{"href":"https:\/\/jp-morillon.com\/index.php\/wp-json\/wp\/v2\/pages"}],"about":[{"href":"https:\/\/jp-morillon.com\/index.php\/wp-json\/wp\/v2\/types\/page"}],"author":[{"embeddable":true,"href":"https:\/\/jp-morillon.com\/index.php\/wp-json\/wp\/v2\/users\/2"}],"replies":[{"embeddable":true,"href":"https:\/\/jp-morillon.com\/index.php\/wp-json\/wp\/v2\/comments?post=25"}],"version-history":[{"count":17,"href":"https:\/\/jp-morillon.com\/index.php\/wp-json\/wp\/v2\/pages\/25\/revisions"}],"predecessor-version":[{"id":1667,"href":"https:\/\/jp-morillon.com\/index.php\/wp-json\/wp\/v2\/pages\/25\/revisions\/1667"}],"wp:attachment":[{"href":"https:\/\/jp-morillon.com\/index.php\/wp-json\/wp\/v2\/media?parent=25"}],"curies":[{"name":"wp","href":"https:\/\/api.w.org\/{rel}","templated":true}]}}